{"id":37,"date":"2024-02-13T18:03:07","date_gmt":"2024-02-13T17:03:07","guid":{"rendered":"http:\/\/zerolim.cluster029.hosting.ovh.net\/index.php\/acceuil\/"},"modified":"2025-07-18T11:33:04","modified_gmt":"2025-07-18T09:33:04","slug":"acceuil","status":"publish","type":"page","link":"https:\/\/www.zerolimit.best\/","title":{"rendered":"Accueil"},"content":{"rendered":"\t\t<div data-elementor-type=\"wp-page\" data-elementor-id=\"37\" class=\"elementor elementor-37\">\n\t\t\t\t<div class=\"elementor-element elementor-element-e5ea123 e-flex e-con-boxed e-con e-parent\" data-id=\"e5ea123\" data-element_type=\"container\">\n\t\t\t\t\t<div class=\"e-con-inner\">\n\t\t\t\t<div class=\"elementor-element elementor-element-dd27b11 elementor-widget elementor-widget-heading\" data-id=\"dd27b11\" data-element_type=\"widget\" data-widget_type=\"heading.default\">\n\t\t\t\t<div class=\"elementor-widget-container\">\n\t\t\t\t\t<h2 class=\"elementor-heading-title elementor-size-default\">Derni\u00e8res actualit\u00e9s<\/h2>\t\t\t\t<\/div>\n\t\t\t\t<\/div>\n\t\t\t\t<div class=\"elementor-element elementor-element-7f16e0f elementor-widget elementor-widget-obfx-posts-grid\" data-id=\"7f16e0f\" data-element_type=\"widget\" data-widget_type=\"obfx-posts-grid.default\">\n\t\t\t\t<div class=\"elementor-widget-container\">\n\t\t\t\t\t<div class=\"obfx-grid\"><div class=\"obfx-grid-container obfx-grid-mobile-1 obfx-grid-tablet-2 obfx-grid-desktop-3\"><div class=\"obfx-grid-wrapper\"><article class=\"obfx-grid-col obfx-no-image\"><div class=\"obfx-grid-col-content\">\t\t\t<h3 class=\"entry-title obfx-grid-title\">\n\t\t\t\t\t\t\t<a href=\"https:\/\/www.zerolimit.best\/index.php\/2026\/04\/15\/sortie-cordes-sur-ciel\/\" title=\"Sortie Cordes-sur-ciel\">\n\t\t\t\t\tSortie Cordes-sur-ciel\t\t\t\t<\/a>\n\t\t\t\t\t\t\t<\/h3>\n\t\t\t\t\t\t\t<div class=\"entry-meta obfx-grid-meta\">\n\n\t\t\t\t\t\t\t\t\t\t\t\t\t<span class=\"obfx-grid-date\">\n\t\t\t\t\t\t\t\t\t<i class=\"fas fa-calendar\"><\/i>15 avril 2026\t\t\t\t\t\t\t\t<\/span>\n\t\t\t\t\t\t\t\t\n\t\t\t\t<\/div>\n\t\t\t\t\t\t\t<div class=\"entry-content obfx-grid-content\">\n\t\t\t\tParcours Lieu du d\u00e9part\t\t\t<\/div>\n\t\t\t<\/div><\/article><\/div><div class=\"obfx-grid-wrapper\"><article class=\"obfx-grid-col\"><div class=\"obfx-grid-col-image\" ><a href=\"https:\/\/www.zerolimit.best\/index.php\/2025\/05\/16\/ironman-mallorca-alcudia-70-3\/\" title=\"Ironman Mallorca-Alcudia 70.3\"><img fetchpriority=\"high\" decoding=\"async\" width=\"2560\" height=\"1706\" src=\"https:\/\/www.zerolimit.best\/wp-content\/uploads\/2025\/05\/14224_20250510_065147_487174935_original-scaled.jpg\" class=\"img-responsive wp-post-image\" alt=\"14224_20250510_065147_487174935_original\" srcset=\"https:\/\/www.zerolimit.best\/wp-content\/uploads\/2025\/05\/14224_20250510_065147_487174935_original-scaled.jpg 2560w, https:\/\/www.zerolimit.best\/wp-content\/uploads\/2025\/05\/14224_20250510_065147_487174935_original-300x200.jpg 300w, https:\/\/www.zerolimit.best\/wp-content\/uploads\/2025\/05\/14224_20250510_065147_487174935_original-1024x682.jpg 1024w, https:\/\/www.zerolimit.best\/wp-content\/uploads\/2025\/05\/14224_20250510_065147_487174935_original-2000x1333.jpg 2000w\" sizes=\"100vw\" \/><\/a><\/div><div class=\"obfx-grid-col-content\">\t\t\t<h3 class=\"entry-title obfx-grid-title\">\n\t\t\t\t\t\t\t<a href=\"https:\/\/www.zerolimit.best\/index.php\/2025\/05\/16\/ironman-mallorca-alcudia-70-3\/\" title=\"Ironman Mallorca-Alcudia 70.3\">\n\t\t\t\t\tIronman Mallorca-Alcudia 70.3\t\t\t\t<\/a>\n\t\t\t\t\t\t\t<\/h3>\n\t\t\t\t\t\t\t<div class=\"entry-meta obfx-grid-meta\">\n\n\t\t\t\t\t\t\t\t\t\t\t\t\t<span class=\"obfx-grid-date\">\n\t\t\t\t\t\t\t\t\t<i class=\"fas fa-calendar\"><\/i>16 mai 2025\t\t\t\t\t\t\t\t<\/span>\n\t\t\t\t\t\t\t\t\n\t\t\t\t<\/div>\n\t\t\t\t\t\t\t<div class=\"entry-content obfx-grid-content\">\n\t\t\t\tArriv\u00e9e un jour avant, nous nous pr\u00e9parons \u00e0 cet \u00e9venement. Nous assistons au fameux briefing nous rappelant les r\u00e8gles pour la course, et un topo sur le parcours. Natation La\u2026\t\t\t<\/div>\n\t\t\t<\/div><\/article><\/div><div class=\"obfx-grid-wrapper\"><article class=\"obfx-grid-col\"><div class=\"obfx-grid-col-image\" ><a href=\"https:\/\/www.zerolimit.best\/index.php\/2024\/12\/30\/semi-marathon-de-toulouse\/\" title=\"Semi-Marathon de Toulouse\"><img decoding=\"async\" width=\"1600\" height=\"1204\" src=\"https:\/\/www.zerolimit.best\/wp-content\/uploads\/2024\/12\/465914105_10231032760016189_1677975250382937314_n.jpg\" class=\"img-responsive wp-post-image\" alt=\"465914105_10231032760016189_1677975250382937314_n\" srcset=\"https:\/\/www.zerolimit.best\/wp-content\/uploads\/2024\/12\/465914105_10231032760016189_1677975250382937314_n.jpg 1600w, https:\/\/www.zerolimit.best\/wp-content\/uploads\/2024\/12\/465914105_10231032760016189_1677975250382937314_n-300x226.jpg 300w, https:\/\/www.zerolimit.best\/wp-content\/uploads\/2024\/12\/465914105_10231032760016189_1677975250382937314_n-1024x771.jpg 1024w\" sizes=\"100vw\" \/><\/a><\/div><div class=\"obfx-grid-col-content\">\t\t\t<h3 class=\"entry-title obfx-grid-title\">\n\t\t\t\t\t\t\t<a href=\"https:\/\/www.zerolimit.best\/index.php\/2024\/12\/30\/semi-marathon-de-toulouse\/\" title=\"Semi-Marathon de Toulouse\">\n\t\t\t\t\tSemi-Marathon de Toulouse\t\t\t\t<\/a>\n\t\t\t\t\t\t\t<\/h3>\n\t\t\t\t\t\t\t<div class=\"entry-meta obfx-grid-meta\">\n\n\t\t\t\t\t\t\t\t\t\t\t\t\t<span class=\"obfx-grid-date\">\n\t\t\t\t\t\t\t\t\t<i class=\"fas fa-calendar\"><\/i>30 d\u00e9cembre 2024\t\t\t\t\t\t\t\t<\/span>\n\t\t\t\t\t\t\t\t\n\t\t\t\t<\/div>\n\t\t\t\t\t\t\t<div class=\"entry-content obfx-grid-content\">\n\t\t\t\tLe parcours du Semi-Marathon de Toulouse de cette ann\u00e9e a travers\u00e9 les sites embl\u00e9matiques de la Ville Rose, offrant aux participants une exp\u00e9rience m\u00e9morable m\u00ealant sport et culture. Le d\u00e9part,\u2026\t\t\t<\/div>\n\t\t\t<\/div><\/article><\/div><\/div><!-- .obfx-grid-container --><\/div><!-- .obfx-grid -->\t\t\t\t<\/div>\n\t\t\t\t<\/div>\n\t\t\t\t<div class=\"elementor-element elementor-element-e662dee elementor-widget elementor-widget-heading\" data-id=\"e662dee\" data-element_type=\"widget\" data-widget_type=\"heading.default\">\n\t\t\t\t<div class=\"elementor-widget-container\">\n\t\t\t\t\t<h2 class=\"elementor-heading-title elementor-size-default\">Prochain \u00e9venement<\/h2>\t\t\t\t<\/div>\n\t\t\t\t<\/div>\n\t\t\t\t<div class=\"elementor-element elementor-element-607f314 elementor-widget elementor-widget-heading\" data-id=\"607f314\" data-element_type=\"widget\" data-widget_type=\"heading.default\">\n\t\t\t\t<div class=\"elementor-widget-container\">\n\t\t\t\t\t<h2 class=\"elementor-heading-title elementor-size-default\">Qui sommes nous?<\/h2>\t\t\t\t<\/div>\n\t\t\t\t<\/div>\n\t\t\t\t\t<\/div>\n\t\t\t\t<\/div>\n\t\t<div class=\"elementor-element elementor-element-95825d6 e-grid e-con-boxed e-con e-parent\" data-id=\"95825d6\" data-element_type=\"container\">\n\t\t\t\t\t<div class=\"e-con-inner\">\n\t\t\t\t<div class=\"elementor-element elementor-element-8b5960a elementor-widget elementor-widget-image\" data-id=\"8b5960a\" data-element_type=\"widget\" data-widget_type=\"image.default\">\n\t\t\t\t<div class=\"elementor-widget-container\">\n\t\t\t\t\t\t\t\t\t\t\t\t<figure class=\"wp-caption\">\n\t\t\t\t\t\t\t\t\t\t\t<a href=\"https:\/\/www.zerolimit.best\/wp-content\/uploads\/2025\/05\/14224_20250510_150435_487206252_original-1-scaled.jpg\" data-elementor-open-lightbox=\"yes\" data-elementor-lightbox-title=\"14224_20250510_150435_487206252_original\" data-e-action-hash=\"#elementor-action%3Aaction%3Dlightbox%26settings%3DeyJpZCI6NTE1LCJ1cmwiOiJodHRwczpcL1wvd3d3Lnplcm9saW1pdC5iZXN0XC93cC1jb250ZW50XC91cGxvYWRzXC8yMDI1XC8wNVwvMTQyMjRfMjAyNTA1MTBfMTUwNDM1XzQ4NzIwNjI1Ml9vcmlnaW5hbC0xLXNjYWxlZC5qcGcifQ%3D%3D\">\n\t\t\t\t\t\t\t<img decoding=\"async\" width=\"682\" height=\"1024\" src=\"https:\/\/www.zerolimit.best\/wp-content\/uploads\/2025\/05\/14224_20250510_150435_487206252_original-1-682x1024.jpg\" class=\"attachment-large size-large wp-image-515\" alt=\"\" srcset=\"https:\/\/www.zerolimit.best\/wp-content\/uploads\/2025\/05\/14224_20250510_150435_487206252_original-1-682x1024.jpg 682w, https:\/\/www.zerolimit.best\/wp-content\/uploads\/2025\/05\/14224_20250510_150435_487206252_original-1-200x300.jpg 200w, https:\/\/www.zerolimit.best\/wp-content\/uploads\/2025\/05\/14224_20250510_150435_487206252_original-1-2000x3001.jpg 2000w, https:\/\/www.zerolimit.best\/wp-content\/uploads\/2025\/05\/14224_20250510_150435_487206252_original-1-scaled-1024x1536.jpg 1024w, https:\/\/www.zerolimit.best\/wp-content\/uploads\/2025\/05\/14224_20250510_150435_487206252_original-1-scaled-1365x2048.jpg 1365w, https:\/\/www.zerolimit.best\/wp-content\/uploads\/2025\/05\/14224_20250510_150435_487206252_original-1-scaled-33x50.jpg 33w, https:\/\/www.zerolimit.best\/wp-content\/uploads\/2025\/05\/14224_20250510_150435_487206252_original-1-scaled-67x100.jpg 67w, https:\/\/www.zerolimit.best\/wp-content\/uploads\/2025\/05\/14224_20250510_150435_487206252_original-1-scaled.jpg 1706w\" sizes=\"100vw\" \/>\t\t\t\t\t\t\t\t<\/a>\n\t\t\t\t\t\t\t\t\t\t\t<figcaption class=\"widget-image-caption wp-caption-text\"><\/figcaption>\n\t\t\t\t\t\t\t\t\t\t<\/figure>\n\t\t\t\t\t\t\t\t\t<\/div>\n\t\t\t\t<\/div>\n\t\t\t\t<div class=\"elementor-element elementor-element-3453321 elementor-widget elementor-widget-image\" data-id=\"3453321\" data-element_type=\"widget\" data-widget_type=\"image.default\">\n\t\t\t\t<div class=\"elementor-widget-container\">\n\t\t\t\t\t\t\t\t\t\t\t\t\t\t\t<img loading=\"lazy\" decoding=\"async\" width=\"768\" height=\"1173\" src=\"https:\/\/www.zerolimit.best\/wp-content\/uploads\/2024\/02\/IMG20240209172254q-768x1173.jpg\" class=\"attachment-medium_large size-medium_large wp-image-43\" alt=\"\" srcset=\"https:\/\/www.zerolimit.best\/wp-content\/uploads\/2024\/02\/IMG20240209172254q-768x1173.jpg 768w, https:\/\/www.zerolimit.best\/wp-content\/uploads\/2024\/02\/IMG20240209172254q-196x300.jpg 196w, https:\/\/www.zerolimit.best\/wp-content\/uploads\/2024\/02\/IMG20240209172254q-671x1024.jpg 671w, https:\/\/www.zerolimit.best\/wp-content\/uploads\/2024\/02\/IMG20240209172254q-1006x1536.jpg 1006w, https:\/\/www.zerolimit.best\/wp-content\/uploads\/2024\/02\/IMG20240209172254q-1341x2048.jpg 1341w, https:\/\/www.zerolimit.best\/wp-content\/uploads\/2024\/02\/IMG20240209172254q-33x50.jpg 33w, https:\/\/www.zerolimit.best\/wp-content\/uploads\/2024\/02\/IMG20240209172254q-65x100.jpg 65w, https:\/\/www.zerolimit.best\/wp-content\/uploads\/2024\/02\/IMG20240209172254q.jpg 1374w\" sizes=\"100vw\" \/>\t\t\t\t\t\t\t\t\t\t\t\t\t\t\t<\/div>\n\t\t\t\t<\/div>\n\t\t\t\t<div class=\"elementor-element elementor-element-95ca472 elementor-widget elementor-widget-image\" data-id=\"95ca472\" data-element_type=\"widget\" data-widget_type=\"image.default\">\n\t\t\t\t<div class=\"elementor-widget-container\">\n\t\t\t\t\t\t\t\t\t\t\t\t\t\t\t<img loading=\"lazy\" decoding=\"async\" width=\"497\" height=\"1024\" src=\"https:\/\/www.zerolimit.best\/wp-content\/uploads\/2024\/02\/zaza-497x1024.jpeg\" class=\"attachment-large size-large wp-image-44\" alt=\"\" srcset=\"https:\/\/www.zerolimit.best\/wp-content\/uploads\/2024\/02\/zaza-497x1024.jpeg 497w, https:\/\/www.zerolimit.best\/wp-content\/uploads\/2024\/02\/zaza-146x300.jpeg 146w, https:\/\/www.zerolimit.best\/wp-content\/uploads\/2024\/02\/zaza-768x1583.jpeg 768w, https:\/\/www.zerolimit.best\/wp-content\/uploads\/2024\/02\/zaza-745x1536.jpeg 745w, https:\/\/www.zerolimit.best\/wp-content\/uploads\/2024\/02\/zaza-994x2048.jpeg 994w, https:\/\/www.zerolimit.best\/wp-content\/uploads\/2024\/02\/zaza-scaled-24x50.jpeg 24w, https:\/\/www.zerolimit.best\/wp-content\/uploads\/2024\/02\/zaza-scaled-49x100.jpeg 49w, https:\/\/www.zerolimit.best\/wp-content\/uploads\/2024\/02\/zaza-scaled.jpeg 1242w\" sizes=\"100vw\" \/>\t\t\t\t\t\t\t\t\t\t\t\t\t\t\t<\/div>\n\t\t\t\t<\/div>\n\t\t\t\t<div class=\"elementor-element elementor-element-03b39bd elementor-widget elementor-widget-text-editor\" data-id=\"03b39bd\" data-element_type=\"widget\" data-widget_type=\"text-editor.default\">\n\t\t\t\t<div class=\"elementor-widget-container\">\n\t\t\t\t\t\t\t\t\t<h3 class=\"wp-block-heading has-text-align-center\">Joffrey Abadie<\/h3>\n<p><em>Pr\u00e9sident<\/em><\/p>\n<p>Son objectif dans cette association, tout simplement f\u00e9d\u00e9rer des personnes autour d&rsquo;une passion commune, le sport. Il s&rsquo;est lanc\u00e9 dans le d\u00e9fi d&rsquo;accomplir un marathon, son objectif a \u00e9t\u00e9 atteint. Mais il cherche toujours a d\u00e9pass\u00e9 ses propres limites.<\/p>\t\t\t\t\t\t\t\t<\/div>\n\t\t\t\t<\/div>\n\t\t\t\t<div class=\"elementor-element elementor-element-4ddae02 elementor-widget elementor-widget-text-editor\" data-id=\"4ddae02\" data-element_type=\"widget\" data-widget_type=\"text-editor.default\">\n\t\t\t\t<div class=\"elementor-widget-container\">\n\t\t\t\t\t\t\t\t\t<h3 class=\"wp-block-heading has-text-align-center\" style=\"padding-top: 0.625em;\">Benjamin Valverde<\/h3>\n<p><em>Tr\u00e9sorier<\/em><\/p>\n<p>Pour se remettre en forme, quoi de mieux que de se lancer des d\u00e9fis. C&rsquo;est ce qu&rsquo;il a fait en partant de rien, et en se lan\u00e7ant dans des d\u00e9fis. Le semi marathon c&rsquo;est fait, reste plus qu&rsquo;\u00e0 d\u00e9fier ses limites.<\/p>\t\t\t\t\t\t\t\t<\/div>\n\t\t\t\t<\/div>\n\t\t\t\t<div class=\"elementor-element elementor-element-c33d477 elementor-widget elementor-widget-text-editor\" data-id=\"c33d477\" data-element_type=\"widget\" data-widget_type=\"text-editor.default\">\n\t\t\t\t<div class=\"elementor-widget-container\">\n\t\t\t\t\t\t\t\t\t<h3 class=\"wp-block-heading has-text-align-center\" style=\"padding-top: 0.625em;\">Brice Lignereux<\/h3><p><em>Secr\u00e9taire<\/em><\/p><p>On pourrait le nommer le Verstappen du running. Se relan\u00e7ant dans l&rsquo;activit\u00e9 sportive, il a su exploser tout les record de progression. On se demande si il a des limites.<\/p>\t\t\t\t\t\t\t\t<\/div>\n\t\t\t\t<\/div>\n\t\t\t\t\t<\/div>\n\t\t\t\t<\/div>\n\t\t<div class=\"elementor-element elementor-element-fcb4237 e-flex e-con-boxed e-con e-parent\" data-id=\"fcb4237\" data-element_type=\"container\">\n\t\t\t\t\t<div class=\"e-con-inner\">\n\t\t\t\t<div class=\"elementor-element elementor-element-b1fba87 elementor-widget elementor-widget-heading\" data-id=\"b1fba87\" data-element_type=\"widget\" data-widget_type=\"heading.default\">\n\t\t\t\t<div class=\"elementor-widget-container\">\n\t\t\t\t\t<h2 class=\"elementor-heading-title elementor-size-default\">Pourquoi cette association?<\/h2>\t\t\t\t<\/div>\n\t\t\t\t<\/div>\n\t\t\t\t\t<\/div>\n\t\t\t\t<\/div>\n\t\t<div class=\"elementor-element elementor-element-da4e3fd e-flex e-con-boxed e-con e-parent\" data-id=\"da4e3fd\" data-element_type=\"container\">\n\t\t\t\t\t<div class=\"e-con-inner\">\n\t\t\t\t<div class=\"elementor-element elementor-element-a184772 elementor-widget elementor-widget-text-editor\" data-id=\"a184772\" data-element_type=\"widget\" data-widget_type=\"text-editor.default\">\n\t\t\t\t<div class=\"elementor-widget-container\">\n\t\t\t\t\t\t\t\t\t<p style=\"box-sizing: border-box; margin: 0px 0px 20px; padding: 0px; overflow-wrap: break-word; color: #7a7a7a; font-family: Roboto, sans-serif; font-size: 16px; font-style: normal; font-variant-ligatures: normal; font-variant-caps: normal; font-weight: 400; letter-spacing: normal; orphans: 2; text-align: start; text-indent: 0px; text-transform: none; widows: 2; word-spacing: 0px; -webkit-text-stroke-width: 0px; white-space: normal; background-color: #ffffff; text-decoration-thickness: initial; text-decoration-style: initial; text-decoration-color: initial;\">Nous sommes tout simplement des amis ayant pour projet de se remettre au sport et de d\u00e9passer nos limites, que ce soit pour une meilleure sant\u00e9, d\u00e9passer nos objectifs, ou tout simplement se retrouver. Nous avons donc cr\u00e9\u00e9 une association pour officialiser nos projets<\/p>\t\t\t\t\t\t\t\t<\/div>\n\t\t\t\t<\/div>\n\t\t\t\t\t<\/div>\n\t\t\t\t<\/div>\n\t\t<div class=\"elementor-element elementor-element-e9cfc6b e-flex e-con-boxed e-con e-parent\" data-id=\"e9cfc6b\" data-element_type=\"container\">\n\t\t\t\t\t<div class=\"e-con-inner\">\n\t\t\t\t<div class=\"elementor-element elementor-element-7cf50fc elementor-widget elementor-widget-heading\" data-id=\"7cf50fc\" data-element_type=\"widget\" data-widget_type=\"heading.default\">\n\t\t\t\t<div class=\"elementor-widget-container\">\n\t\t\t\t\t<h2 class=\"elementor-heading-title elementor-size-default\">Nos sponsors<\/h2>\t\t\t\t<\/div>\n\t\t\t\t<\/div>\n\t\t\t\t\t<\/div>\n\t\t\t\t<\/div>\n\t\t<div class=\"elementor-element elementor-element-d208f17 e-flex e-con-boxed e-con e-parent\" data-id=\"d208f17\" data-element_type=\"container\">\n\t\t\t\t\t<div class=\"e-con-inner\">\n\t\t\t\t<div class=\"elementor-element elementor-element-c11cd05 elementor-arrows-position-inside elementor-pagination-position-outside elementor-widget elementor-widget-image-carousel\" data-id=\"c11cd05\" data-element_type=\"widget\" data-settings=\"{&quot;slides_to_show&quot;:&quot;1&quot;,&quot;navigation&quot;:&quot;both&quot;,&quot;autoplay&quot;:&quot;yes&quot;,&quot;pause_on_hover&quot;:&quot;yes&quot;,&quot;pause_on_interaction&quot;:&quot;yes&quot;,&quot;autoplay_speed&quot;:5000,&quot;infinite&quot;:&quot;yes&quot;,&quot;effect&quot;:&quot;slide&quot;,&quot;speed&quot;:500}\" data-widget_type=\"image-carousel.default\">\n\t\t\t\t<div class=\"elementor-widget-container\">\n\t\t\t\t\t\t\t<div class=\"elementor-image-carousel-wrapper swiper\" role=\"region\" aria-roledescription=\"carousel\" aria-label=\"Carrousel d\u2019images\" dir=\"ltr\">\n\t\t\t<div class=\"elementor-image-carousel swiper-wrapper\" aria-live=\"off\">\n\t\t\t\t\t\t\t\t<div class=\"swiper-slide\" role=\"group\" aria-roledescription=\"slide\" aria-label=\"1 sur 2\"><figure class=\"swiper-slide-inner\"><img decoding=\"async\" class=\"swiper-slide-image\" src=\"https:\/\/www.zerolimit.best\/wp-content\/uploads\/2024\/04\/za-1.png\" alt=\"za-1\" \/><\/figure><\/div><div class=\"swiper-slide\" role=\"group\" aria-roledescription=\"slide\" aria-label=\"2 sur 2\"><figure class=\"swiper-slide-inner\"><img decoding=\"async\" class=\"swiper-slide-image\" src=\"https:\/\/www.zerolimit.best\/wp-content\/uploads\/2024\/04\/logo_Apurna-1024x463.jpg\" alt=\"logo_Apurna\" \/><\/figure><\/div>\t\t\t<\/div>\n\t\t\t\t\t\t\t\t\t\t\t\t<div class=\"elementor-swiper-button elementor-swiper-button-prev\" role=\"button\" tabindex=\"0\">\n\t\t\t\t\t\t<svg aria-hidden=\"true\" class=\"e-font-icon-svg e-eicon-chevron-left\" viewBox=\"0 0 1000 1000\" xmlns=\"http:\/\/www.w3.org\/2000\/svg\"><path d=\"M646 125C629 125 613 133 604 142L308 442C296 454 292 471 292 487 292 504 296 521 308 533L604 854C617 867 629 875 646 875 663 875 679 871 692 858 704 846 713 829 713 812 713 796 708 779 692 767L438 487 692 225C700 217 708 204 708 187 708 171 704 154 692 142 675 129 663 125 646 125Z\"><\/path><\/svg>\t\t\t\t\t<\/div>\n\t\t\t\t\t<div class=\"elementor-swiper-button elementor-swiper-button-next\" role=\"button\" tabindex=\"0\">\n\t\t\t\t\t\t<svg aria-hidden=\"true\" class=\"e-font-icon-svg e-eicon-chevron-right\" viewBox=\"0 0 1000 1000\" xmlns=\"http:\/\/www.w3.org\/2000\/svg\"><path d=\"M696 533C708 521 713 504 713 487 713 471 708 454 696 446L400 146C388 133 375 125 354 125 338 125 325 129 313 142 300 154 292 171 292 187 292 204 296 221 308 233L563 492 304 771C292 783 288 800 288 817 288 833 296 850 308 863 321 871 338 875 354 875 371 875 388 867 400 854L696 533Z\"><\/path><\/svg>\t\t\t\t\t<\/div>\n\t\t\t\t\n\t\t\t\t\t\t\t\t\t<div class=\"swiper-pagination\"><\/div>\n\t\t\t\t\t\t\t\t\t<\/div>\n\t\t\t\t\t\t<\/div>\n\t\t\t\t<\/div>\n\t\t\t\t<div class=\"elementor-element elementor-element-94c04bf elementor-align-center elementor-widget elementor-widget-button\" data-id=\"94c04bf\" data-element_type=\"widget\" data-widget_type=\"button.default\">\n\t\t\t\t<div class=\"elementor-widget-container\">\n\t\t\t\t\t\t\t\t\t<div class=\"elementor-button-wrapper\">\n\t\t\t\t\t<a class=\"elementor-button elementor-button-link elementor-size-sm\" href=\"https:\/\/www.helloasso.com\/associations\/zero-limit\/adhesions\/adhesion\">\n\t\t\t\t\t\t<span class=\"elementor-button-content-wrapper\">\n\t\t\t\t\t\t\t\t\t<span class=\"elementor-button-text\">Je souhaite adh\u00e9rer \u00e0 l'association<\/span>\n\t\t\t\t\t<\/span>\n\t\t\t\t\t<\/a>\n\t\t\t\t<\/div>\n\t\t\t\t\t\t\t\t<\/div>\n\t\t\t\t<\/div>\n\t\t\t\t\t<\/div>\n\t\t\t\t<\/div>\n\t\t<div class=\"elementor-element elementor-element-2040a4a e-flex e-con-boxed e-con e-parent\" data-id=\"2040a4a\" data-element_type=\"container\">\n\t\t\t\t\t<div class=\"e-con-inner\">\n\t\t\t\t\t<\/div>\n\t\t\t\t<\/div>\n\t\t\t\t<\/div>\n\t\t","protected":false},"excerpt":{"rendered":"<p>Derni\u00e8res actualit\u00e9s Ironman Mallorca-Alcudia 70.3 16 mai 2025 Arriv\u00e9e un jour avant, nous nous pr\u00e9parons \u00e0 cet \u00e9venement. Nous assistons au fameux briefing nous rappelant les r\u00e8gles pour la course, et un topo sur le parcours. Natation La\u2026 Semi-Marathon de Toulouse 30 d\u00e9cembre 2024 Le parcours du Semi-Marathon de Toulouse de cette ann\u00e9e a travers\u00e9 &hellip; <\/p>\n<p class=\"link-more\"><a href=\"https:\/\/www.zerolimit.best\/\" class=\"more-link\">Lire la suite de<span class=\"screen-reader-text\">\u00ab\u00a0Accueil\u00a0\u00bb<\/span><\/a><\/p>\n","protected":false},"author":1,"featured_media":0,"parent":0,"menu_order":0,"comment_status":"closed","ping_status":"closed","template":"","meta":{"_price":"","_stock":"","_tribe_ticket_header":"","_tribe_default_ticket_provider":"","_tribe_ticket_capacity":"0","_ticket_start_date":"","_ticket_end_date":"","_tribe_ticket_show_description":"","_tribe_ticket_show_not_going":false,"_tribe_ticket_use_global_stock":"","_tribe_ticket_global_stock_level":"","_global_stock_mode":"","_global_stock_cap":"","_tribe_rsvp_for_event":"","_tribe_ticket_going_count":"","_tribe_ticket_not_going_count":"","_tribe_tickets_list":"[]","_tribe_ticket_has_attendee_info_fields":false,"footnotes":"","_tec_slr_enabled":"","_tec_slr_layout":""},"class_list":["post-37","page","type-page","status-publish","hentry"],"ticketed":false,"_links":{"self":[{"href":"https:\/\/www.zerolimit.best\/index.php\/wp-json\/wp\/v2\/pages\/37","targetHints":{"allow":["GET"]}}],"collection":[{"href":"https:\/\/www.zerolimit.best\/index.php\/wp-json\/wp\/v2\/pages"}],"about":[{"href":"https:\/\/www.zerolimit.best\/index.php\/wp-json\/wp\/v2\/types\/page"}],"author":[{"embeddable":true,"href":"https:\/\/www.zerolimit.best\/index.php\/wp-json\/wp\/v2\/users\/1"}],"replies":[{"embeddable":true,"href":"https:\/\/www.zerolimit.best\/index.php\/wp-json\/wp\/v2\/comments?post=37"}],"version-history":[{"count":43,"href":"https:\/\/www.zerolimit.best\/index.php\/wp-json\/wp\/v2\/pages\/37\/revisions"}],"predecessor-version":[{"id":588,"href":"https:\/\/www.zerolimit.best\/index.php\/wp-json\/wp\/v2\/pages\/37\/revisions\/588"}],"wp:attachment":[{"href":"https:\/\/www.zerolimit.best\/index.php\/wp-json\/wp\/v2\/media?parent=37"}],"curies":[{"name":"wp","href":"https:\/\/api.w.org\/{rel}","templated":true}]}}