{"id":534,"date":"2025-07-04T17:44:22","date_gmt":"2025-07-04T15:44:22","guid":{"rendered":"https:\/\/www.zerolimit.best\/?page_id=534"},"modified":"2025-07-07T18:48:18","modified_gmt":"2025-07-07T16:48:18","slug":"sortie-pyrenees-et-weekend","status":"publish","type":"page","link":"https:\/\/www.zerolimit.best\/index.php\/sortie-pyrenees-et-weekend\/","title":{"rendered":"Sortie Pyr\u00e9n\u00e9es et Weekend"},"content":{"rendered":"\n<h2 class=\"wp-block-heading\">Emplacement du gite ou hotel<\/h2>\n\n\n\n<p>Arriv\u00e9e du groupe le 29-08-2025<\/p>\n\n\n\n<h3 class=\"wp-block-heading\">Si assez nombreux pour gite<\/h3>\n\n\n\n<div class=\"airbnb-embed-frame\" data-id=\"1226585138979405411\" data-view=\"home\" data-hide-price=\"true\" style=\"width: 450px; height: 300px; margin: auto;\"><a href=\"https:\/\/www.airbnb.fr\/rooms\/1226585138979405411?guests=1&amp;adults=1&amp;s=66&amp;source=embed_widget\">Voir sur Airbnb<\/a><a href=\"https:\/\/www.airbnb.fr\/rooms\/1226585138979405411?guests=1&amp;adults=1&amp;s=66&amp;source=embed_widget\" rel=\"nofollow\">H\u00e9bergement \u00b7 Campan \u00b7 \u26055,0 \u00b7 6 chambres \u00b7 3 lits \u00b7 4&nbsp;salles de bain et 1&nbsp;toilette<\/a><script async=\"\" src=\"https:\/\/www.airbnb.fr\/embeddable\/airbnb_jssdk\"><\/script><\/div>\n\n\n\n<h3 class=\"wp-block-heading\">Si pas assez nombreux<\/h3>\n\n\n\n<figure class=\"wp-block-embed\"><div class=\"wp-block-embed__wrapper\">\nhttps:\/\/www.booking.com\/Share-7P3wap\n<\/div><\/figure>\n\n\n\n<h2 class=\"wp-block-heading\">Programme<\/h2>\n\n\n\n<h3 class=\"wp-block-heading\">Jeudi 28 ao\u00fbt<\/h3>\n\n\n\n<p>Arriv\u00e9e des premiers le soir tard<\/p>\n\n\n\n<h3 class=\"wp-block-heading\">Vendredi 29 ao\u00fbt<\/h3>\n\n\n\n<p>Sortie v\u00e9lo avec deux possibilit\u00e9s suivant le niveau<br>D\u00e9part le matin vers 8-9h avec ascension d&rsquo;un col cat\u00e9gorie 1\/2 et\/ou d&rsquo;un Hors Cat\u00e9gorie en suivant<\/p>\n\n\n\n<div class=\"wp-block-columns is-layout-flex wp-container-core-columns-is-layout-28f84493 wp-block-columns-is-layout-flex\">\n<div class=\"wp-block-column is-layout-flow wp-block-column-is-layout-flow\">\n<h4 class=\"wp-block-heading\">Parcours niveau 1<\/h4>\n\n\n\n<iframe width=\"100%\" height=\"650\" loading=\"lazy\" src=\"https:\/\/www.openrunner.com\/embed\/7a59666e5837674c42694c324974467433704749487748644a716c454f436e4f4a764b4845584a7a4770673d3a3aa9e46cddb3e5a0593f5174403397e26b?unit=metric\" style=\"border: none;\"><\/iframe>\n<\/div>\n\n\n\n<div class=\"wp-block-column is-layout-flow wp-block-column-is-layout-flow\">\n<h4 class=\"wp-block-heading\">Parcours niveau 2<\/h4>\n\n\n\n<iframe width=\"100%\" height=\"650\" loading=\"lazy\" src=\"https:\/\/www.openrunner.com\/embed\/3547564a7832645977614c7734544641564b39334956697934752f385876546c4934446f6a4e37552f74303d3a3a2463c814ce813fd86a17d05556e5fe12?unit=metric\" style=\"border: none;\"><\/iframe>\n<\/div>\n<\/div>\n\n\n\n<p>Retour le matin pour la premi\u00e8re partie et fin d&rsquo;apr\u00e8s midi pour le circuit complet<\/p>\n\n\n\n<p>Pic-Nique ou Repas \u00e0 Bagn\u00e8res de Bigorre le midi en groupe si possibilit\u00e9<\/p>\n\n\n\n<h3 class=\"wp-block-heading\">Samedi 30 ao\u00fbt<\/h3>\n\n\n\n<p>Deuxi\u00e8me sortie ou randonn\u00e9e suivant les go\u00fbt et les envies<\/p>\n\n\n\n<div class=\"wp-block-columns is-layout-flex wp-container-core-columns-is-layout-28f84493 wp-block-columns-is-layout-flex\">\n<div class=\"wp-block-column is-layout-flow wp-block-column-is-layout-flow\">\n<h4 class=\"wp-block-heading\">Parcours niveau 1<\/h4>\n\n\n\n<iframe width=\"100%\" height=\"650\" loading=\"lazy\" src=\"https:\/\/www.openrunner.com\/embed\/372b4c39694475416f6d3279646764426c64614f4b432b764d77333454362f31444c454752775a2f5768733d3a3a8460297298a51dc840a6266b6c5c62bc?unit=metric\" style=\"border: none;\"><\/iframe>\n<\/div>\n\n\n\n<div class=\"wp-block-column is-layout-flow wp-block-column-is-layout-flow\">\n<h4 class=\"wp-block-heading\">Parcours niveau 2<\/h4>\n\n\n\n<iframe width=\"100%\" height=\"650\" loading=\"lazy\" src=\"https:\/\/www.openrunner.com\/embed\/43436f744d4476483649416e433259596748464a487a79336766584c4566767048396b523051356a576b343d3a3ae74915208700a2c209d8211a773bb335?unit=metric\" style=\"border: none;\"><\/iframe>\n<\/div>\n<\/div>\n\n\n\n<h3 class=\"wp-block-heading\">Dimanche 31 ao\u00fbt<\/h3>\n\n\n\n<p>D\u00e9part pour tout les participants<\/p>\n\n\n\n<p><\/p>\n","protected":false},"excerpt":{"rendered":"<p>Emplacement du gite ou hotel Arriv\u00e9e du groupe le 29-08-2025 Si assez nombreux pour gite Voir sur AirbnbH\u00e9bergement \u00b7 Campan \u00b7 \u26055,0 \u00b7 6 chambres \u00b7 3 lits \u00b7 4&nbsp;salles de bain et 1&nbsp;toilette Si pas assez nombreux Programme Jeudi 28 ao\u00fbt Arriv\u00e9e des premiers le soir tard Vendredi 29 ao\u00fbt Sortie v\u00e9lo avec deux &hellip; <\/p>\n<p class=\"link-more\"><a href=\"https:\/\/www.zerolimit.best\/index.php\/sortie-pyrenees-et-weekend\/\" class=\"more-link\">Lire la suite de<span class=\"screen-reader-text\">\u00ab\u00a0Sortie Pyr\u00e9n\u00e9es et Weekend\u00a0\u00bb<\/span><\/a><\/p>\n","protected":false},"author":1,"featured_media":0,"parent":0,"menu_order":0,"comment_status":"closed","ping_status":"closed","template":"","meta":{"_price":"","_stock":"","_tribe_ticket_header":"","_tribe_default_ticket_provider":"","_tribe_ticket_capacity":"0","_ticket_start_date":"","_ticket_end_date":"","_tribe_ticket_show_description":"","_tribe_ticket_show_not_going":false,"_tribe_ticket_use_global_stock":"","_tribe_ticket_global_stock_level":"","_global_stock_mode":"","_global_stock_cap":"","_tribe_rsvp_for_event":"","_tribe_ticket_going_count":"","_tribe_ticket_not_going_count":"","_tribe_tickets_list":"[]","_tribe_ticket_has_attendee_info_fields":false,"footnotes":"","_tec_slr_enabled":"","_tec_slr_layout":""},"class_list":["post-534","page","type-page","status-publish","hentry"],"ticketed":false,"_links":{"self":[{"href":"https:\/\/www.zerolimit.best\/index.php\/wp-json\/wp\/v2\/pages\/534","targetHints":{"allow":["GET"]}}],"collection":[{"href":"https:\/\/www.zerolimit.best\/index.php\/wp-json\/wp\/v2\/pages"}],"about":[{"href":"https:\/\/www.zerolimit.best\/index.php\/wp-json\/wp\/v2\/types\/page"}],"author":[{"embeddable":true,"href":"https:\/\/www.zerolimit.best\/index.php\/wp-json\/wp\/v2\/users\/1"}],"replies":[{"embeddable":true,"href":"https:\/\/www.zerolimit.best\/index.php\/wp-json\/wp\/v2\/comments?post=534"}],"version-history":[{"count":12,"href":"https:\/\/www.zerolimit.best\/index.php\/wp-json\/wp\/v2\/pages\/534\/revisions"}],"predecessor-version":[{"id":584,"href":"https:\/\/www.zerolimit.best\/index.php\/wp-json\/wp\/v2\/pages\/534\/revisions\/584"}],"wp:attachment":[{"href":"https:\/\/www.zerolimit.best\/index.php\/wp-json\/wp\/v2\/media?parent=534"}],"curies":[{"name":"wp","href":"https:\/\/api.w.org\/{rel}","templated":true}]}}